{"id":18,"date":"2010-11-22T07:43:22","date_gmt":"2010-11-22T06:43:22","guid":{"rendered":"http:\/\/www.chorgemeinschaft-freckenhorst.de\/cms\/?page_id=18"},"modified":"2026-04-12T15:34:12","modified_gmt":"2026-04-12T13:34:12","slug":"uber-uns","status":"publish","type":"page","link":"https:\/\/chorgemeinschaft-freckenhorst.de\/cms\/uber-uns\/","title":{"rendered":"\u00dcber Uns"},"content":{"rendered":"<p>Wir, die Chorgemeinschaft Freckenhorst (mehrfacher Meisterchor), bestehen aus rund 30 Frauen zwischen 20 und 60 Jahren. Gemeinsam proben wir mit viel Spa\u00df unter der Leitung unserer Chorleiterin Fabienne Schoppmeier, meist vierstimmige Chorwerke aus unterschiedlichen Genres und Epochen.<\/p>\n<p>Neben dem Einstudieren von Chorst\u00fccken, von z.B. Elton John und Wise Guys bis St\u00fccke von Schubert und Britten, kommt auch die Geselligkeit nicht zu kurz. Bei der j\u00e4hrlichen Fahrradtour und unserer Weihnachtsfeier kommt stets viel Spa\u00df auf. Oft enden sie ungeplant doch bei unserem gemeinsamen Hobby was uns verbindet: Wir singen!<\/p>\n<p>Unsere Auftritte und Konzerte, bei denen wir mitwirken oder selbst organisieren, belohnen uns zus\u00e4tzlich. Ein begeistertes Publikum und Applaus nach einem aufregenden Auftritt, sind Augenblicke die man nicht so schnell vergisst..<\/p>\n<p>Wir proben immer Montags von 20:00 Uhr bis 21:30 Uhr im Haus der Vereine in Freckenhorst (Chorraum EG).<\/p>\n<p>Interessierte sind immer willkommen!<\/p>\n\n\n<div class=\"wp-block-group\"><div class=\"wp-block-group__inner-container is-layout-flow wp-block-group-is-layout-flow\">\n<div class=\"wp-block-columns is-layout-flex wp-container-core-columns-is-layout-9d6595d7 wp-block-columns-is-layout-flex\">\n<div class=\"wp-block-column is-layout-flow wp-block-column-is-layout-flow\" style=\"flex-basis:100%\">\n<figure class=\"wp-block-gallery has-nested-images columns-default is-cropped wp-block-gallery-1 is-layout-flex wp-block-gallery-is-layout-flex\">\n<figure class=\"wp-block-image size-large\"><img loading=\"lazy\" decoding=\"async\" width=\"1024\" height=\"683\" data-id=\"1035\" src=\"https:\/\/chorgemeinschaft-freckenhorst.de\/cms\/wp-content\/uploads\/2019\/12\/Chor-3-1024x683.jpg\" alt=\"\" class=\"wp-image-1035\" srcset=\"https:\/\/chorgemeinschaft-freckenhorst.de\/cms\/wp-content\/uploads\/2019\/12\/Chor-3-1024x683.jpg 1024w, https:\/\/chorgemeinschaft-freckenhorst.de\/cms\/wp-content\/uploads\/2019\/12\/Chor-3-300x200.jpg 300w, https:\/\/chorgemeinschaft-freckenhorst.de\/cms\/wp-content\/uploads\/2019\/12\/Chor-3-768x512.jpg 768w, https:\/\/chorgemeinschaft-freckenhorst.de\/cms\/wp-content\/uploads\/2019\/12\/Chor-3-1536x1024.jpg 1536w, https:\/\/chorgemeinschaft-freckenhorst.de\/cms\/wp-content\/uploads\/2019\/12\/Chor-3-2048x1365.jpg 2048w\" sizes=\"auto, (max-width: 1024px) 100vw, 1024px\" \/><\/figure>\n<\/figure>\n<\/div>\n<\/div>\n<\/div><\/div>\n","protected":false},"excerpt":{"rendered":"<p>Wir, die Chorgemeinschaft Freckenhorst (mehrfacher Meisterchor), bestehen aus rund 30 Frauen zwischen 20 und 60 Jahren. Gemeinsam proben wir mit viel Spa\u00df unter der Leitung unserer Chorleiterin Fabienne Schoppmeier, meist vierstimmige Chorwerke aus unterschiedlichen Genres und Epochen. Neben dem Einstudieren &hellip; <a href=\"https:\/\/chorgemeinschaft-freckenhorst.de\/cms\/uber-uns\/\">Weiterlesen <span class=\"meta-nav\">&rarr;<\/span><\/a><\/p>\n","protected":false},"author":1,"featured_media":0,"parent":0,"menu_order":0,"comment_status":"closed","ping_status":"closed","template":"","meta":{"footnotes":""},"class_list":["post-18","page","type-page","status-publish","hentry"],"_links":{"self":[{"href":"https:\/\/chorgemeinschaft-freckenhorst.de\/cms\/wp-json\/wp\/v2\/pages\/18","targetHints":{"allow":["GET"]}}],"collection":[{"href":"https:\/\/chorgemeinschaft-freckenhorst.de\/cms\/wp-json\/wp\/v2\/pages"}],"about":[{"href":"https:\/\/chorgemeinschaft-freckenhorst.de\/cms\/wp-json\/wp\/v2\/types\/page"}],"author":[{"embeddable":true,"href":"https:\/\/chorgemeinschaft-freckenhorst.de\/cms\/wp-json\/wp\/v2\/users\/1"}],"replies":[{"embeddable":true,"href":"https:\/\/chorgemeinschaft-freckenhorst.de\/cms\/wp-json\/wp\/v2\/comments?post=18"}],"version-history":[{"count":13,"href":"https:\/\/chorgemeinschaft-freckenhorst.de\/cms\/wp-json\/wp\/v2\/pages\/18\/revisions"}],"predecessor-version":[{"id":1191,"href":"https:\/\/chorgemeinschaft-freckenhorst.de\/cms\/wp-json\/wp\/v2\/pages\/18\/revisions\/1191"}],"wp:attachment":[{"href":"https:\/\/chorgemeinschaft-freckenhorst.de\/cms\/wp-json\/wp\/v2\/media?parent=18"}],"curies":[{"name":"wp","href":"https:\/\/api.w.org\/{rel}","templated":true}]}}