{"id":6,"date":"2010-11-21T13:29:01","date_gmt":"2010-11-21T12:29:01","guid":{"rendered":"http:\/\/www.chorgemeinschaft-freckenhorst.de\/cms\/?page_id=6"},"modified":"2018-05-18T11:41:30","modified_gmt":"2018-05-18T09:41:30","slug":"impressum","status":"publish","type":"page","link":"https:\/\/chorgemeinschaft-freckenhorst.de\/cms\/impressum\/","title":{"rendered":"Impressum"},"content":{"rendered":"<div>\n<p>Verantwortlich f\u00fcr den Inhalt:<br \/>\ndie Chorgemeinschaft Freckenhorst\u00a0, vertreten durch<br \/>\nName: Sabine Laumann, 1. Vorsitzende<br \/>\nAdresse: Kampstra\u00dfe 20, 48231 Warendorf<br \/>\nE-Mail Adresse: vorsitzende@chorgemeinschaft-freckenhorst.de<\/p>\n<\/div>\n<p class=\"western\" style=\"text-align: left;\" align=\"center\">Kontodaten:<\/p>\n<p class=\"western\" style=\"text-align: left;\" align=\"center\">Sparkasse M\u00fcnsterland Ost<\/p>\n<p class=\"western\" style=\"text-align: left;\" align=\"center\">IBAN: DE87 4005 0150 0003 0311 01<\/p>\n<p class=\"western\" style=\"text-align: left;\" align=\"center\">BIC: WELADED1MST<\/p>\n<div>\n<p>Verwendung dieser Daten:<br \/>\nDie unerlaubte Verwendung von Privatadressen (u.A. f\u00fcr kommerzielle Zwecke) ist nicht gestattet. Bei Missbrauch der Privatadressen behalten wir uns rechtliche Schritte vor.<\/p>\n<p>Copyright:<br \/>\nDer Inhalt, der Quellcode und das Layout (Design) dieser Seite sind urheberrechtlich gesch\u00fctzt. Verwenden von Inhalten nur mit schriftlicher Genehmigung. Unerlaubte Vervielf\u00e4ltigung, Vorf\u00fchrung und\/oder Verwendung von Seiteninhalten, Quelltexten oder sonstigen Inhalten dieser Seite ist nicht gestattet. Die Verlinkung auf die Homepage selbst und dessen Unterseiten, die nicht von dem oben genannten Punkt erfasst sind, ist gestattet.<\/p>\n<p>Haftungsausschluss:<br \/>\nMit dem Urteil vom 12. Mai 1998 &#8211; 312 O 85\/98 &#8211; \u201eHaftung f\u00fcr Links\u201c hat das Landgericht (LG) in Hamburg entschieden, dass man durch die Anbringung eines Links die Inhalte der gelinkten Seite ggf. mit zu verantworten hat. Dies kann &#8211; so das LG &#8211; nur verhindert werden, indem man sich ausdr\u00fccklich von diesen Inhalten distanziert. Hiermit distanziere ich, der Betreiber dieser Seite, mich ausdr\u00fccklich von allen Inhalten aller gelinkten Seiten auf dieser Homepage. Diese Erkl\u00e4rung gilt f\u00fcr alle auf dieser Homepage angebrachten Links.Datenschutzerkl\u00e4rung f\u00fcr Kanzleiwebsite<\/p>\n<p><strong>Datenschutzerkl\u00e4rung<\/strong><\/p>\n<p class=\"bodytext\">Wir, die Chorgemeinschaft Freckenhorst, nehmen den Schutz Ihrer pers\u00f6nlichen Daten sehr ernst und halten uns strikt an die Regeln der Datenschutzgesetze. Personenbezogene Daten werden auf dieser Website nur im technisch notwendigen Umfang erhoben. In keinem Fall werden die erhobenen Daten verkauft oder aus anderen Gr\u00fcnden an Dritte weitergegeben.<\/p>\n<p>Die nachfolgende Erkl\u00e4rung gibt Ihnen einen \u00dcberblick dar\u00fcber, wie wir diesen Schutz gew\u00e4hrleisten und welche Art von Daten zu welchem Zweck erhoben werden.<\/p>\n<p><b>Datenverarbeitung auf dieser Internetseite<\/b><br \/>\nDer Server erhebt und speichert automatisch Informationen in Log Files, die Ihr Browser an uns \u00fcbermittelt.<\/p>\n<p>Dies sind:<\/p>\n<ul type=\"square\">\n<li>Browsertyp\/ -version<\/li>\n<li>verwendetes Betriebssystem<\/li>\n<li>Referrer URL (die zuvor besuchte Seite)<\/li>\n<li>Hostname des zugreifenden Rechners (IP Adresse)<\/li>\n<li>Uhrzeit der Serveranfrage.<\/li>\n<\/ul>\n<p class=\"bodytext\">Die Logfiles werden ca. 5 Jahr gespeichert.<\/p>\n<p>Dar\u00fcberhinaus werden \u00fcber einen sogenannten Tracking-Dienst die Aufrufe der einzelnen Seiten unseres Internetauftritts protokolliert (Bewegungsprofil). Per Javascript werden zus\u00e4tzlich technische Daten wie Bildschirmaufl\u00f6sung und zus\u00e4tzliche Browserdaten erfasst. Gemeinsam mit den auch serverseitig erhobenen Daten werden diese Daten vom Tracking-Dienst statistisch ausgewertet. Teile dieser Website verwenden dazu Google Analytics.<\/p>\n<p><b>Datenschutzhinweis von Google:<\/b><br \/>\nDiese Website selbst verwendet direkt kein Google Analytics. Bei eingebetteten Videos oder externen Diensten kann Google Analytics verwendet werden.&#8220;Google Analytics ist ein Webanalysedienst der Google Inc. (\u201eGoogle\u201c). Google Analytics verwendet sog. \u201eCookies\u201c, Textdateien, die auf Ihrem Computer gespeichert werden und die eine Analyse der Benutzung der Website durch Sie erm\u00f6glicht. Die durch den Cookie erzeugten Informationen \u00fcber Ihre Benutzung diese Website (einschlie\u00dflich Ihrer IP-Adresse) wird an einen Server von Google in den USA \u00fcbertragen und dort gespeichert. Google wird diese Informationen benutzen, um Ihre Nutzung der Website auszuwerten, um Reports \u00fcber die Websiteaktivit\u00e4ten f\u00fcr die Websitebetreiber zusammenzustellen und um weitere mit der Websitenutzung und der Internetnutzung verbundene Dienstleistungen zu erbringen. Auch wird Google diese Informationen gegebenenfalls an Dritte \u00fcbertragen, sofern dies gesetzlich vorgeschrieben oder soweit Dritte diese Daten im Auftrag von Google verarbeiten. Google wird in keinem Fall Ihre IP-Adresse mit anderen Daten der Google in Verbindung bringen. Sie k\u00f6nnen die Installation der Cookies durch eine entsprechende Einstellung Ihrer Browser Software verhindern; wir weisen Sie jedoch darauf hin, dass Sie in diesem Fall gegebenenfalls nicht s\u00e4mtliche Funktionen dieser Website voll umf\u00e4nglich nutzen k\u00f6nnen. Durch die Nutzung dieser Website erkl\u00e4ren Sie sich mit der Bearbeitung der \u00fcber Sie erhobenen Daten durch Google in der zuvor beschriebenen Art und Weise und zu dem zuvor benannten Zweck einverstanden.\u201c<\/p>\n<p>Diese Daten sind f\u00fcr uns nicht bestimmten Personen zuzuordnen.<\/p>\n<p>Eine Zusammenf\u00fchrung dieser Daten mit anderen Datenquellen wird nicht vorgenommen, sofern dies nicht von beh\u00f6rdlicher Seite angefordert wird. Die Daten werden zudem nach einer statistischen Auswertung und einem angemessenen Zeitraum gel\u00f6scht.<\/p>\n<p><b>Verwendung von Facebook Social Plugins<\/b><br \/>\nUnser Internetauftritt verwendet Social Plugins (&#8222;Plugins&#8220;)\u00a0 des sozialen Netzwerkes <a class=\"external-link-new-window\" title=\"\u00d6ffnet externen Link in neuem Fenster\" href=\"https:\/\/www.facebook.com\/\" target=\"_blank\" rel=\"noopener\">facebook.com,<\/a> welches von der Facebook Inc., 1601 S. California Ave, Palo Alto, CA 94304, USA betrieben wird (&#8222;Facebook&#8220;). Die Plugins sind mit einem Facebook Logo oder dem Zusatz &#8222;Facebook Social Plugin&#8220; gekennzeichnet.<br \/>\nWenn Sie nicht m\u00f6chten, dass Facebook \u00fcber unseren Internetauftritt Daten \u00fcber Sie sammelt, m\u00fcssen Sie sich vor Ihrem Besuch unseres Internetauftritts bei Facebook ausloggen.<\/p>\n<p><b>Cookies<\/b><br \/>\nDie Internetseiten verwenden m\u00f6glicherweise so genannte Cookies. Sie dienen dazu, unser Angebot nutzerfreundlicher, effektiver und sicherer zu machen. Cookies sind kleine Textdateien, die auf Ihrem Rechner abgelegt werden und die Ihr Browser speichert. Die meisten der von uns verwendeten Cookies sind so genannte &#8222;Session-Cookies&#8220;. Sie werden nach Ende Ihres Besuchs automatisch gel\u00f6scht. Cookies richten auf Ihrem Rechner keinen Schaden an und enthalten keine Viren.<b><\/b><\/p>\n<p>Externe Inhalte und Funktionserweiterungen<br \/>\nM\u00f6glicherweise verwendet diese Website externe Inhalte oder externe technische Erweiterungen, die von Servern Dritter abgerufen werden. Diese dienen als Bestandteil unserer Seiten der direkten Erweiterung und Verbesserung unseres Online Angebotes, wie z.B. Videos oder Player f\u00fcr Videos. Rufen Sie eine unserer Webseiten mit eingebundenem Inhalt auf, wird technisch bedingt ein Kontakt zu diesem Server aufgebaut. Wir k\u00f6nnen nicht gew\u00e4hrleisten, inwieweit extern Daten der Verbindung gespeichert werden, versichern aber, dass keine bei uns gespeicherten Daten an den Dienstleister gegeben werden oder von uns mit pers\u00f6nlichen Daten zusammen gef\u00fchrt werden.<\/p>\n<p><b>Kontaktformular<\/b><br \/>\nAngaben die Sie per Kontaktformular \u00fcbermitteln werden per E-Mail an schriftfueherin&#8220;at&#8220;chorgemeinschaft-freckenhorst&#8220;punkt&#8220;de gesendet. Die E-Mails werden i.d.R zur Bearbeitung der Anfrage und f\u00fcr die Archivierung der Vorg\u00e4nge gespeichert.<\/p>\n<p><b>Auskunftsrecht<\/b><br \/>\nSie haben jederzeit das Recht auf Auskunft \u00fcber die bez\u00fcglich Ihrer Person gespeicherten Daten, deren Herkunft und Empf\u00e4nger sowie den Zweck der Speicherung. Auskunft \u00fcber die gespeicherten Daten erhalten Sie gerne von uns.<\/p>\n<p><b>Weitere Informationen<\/b><br \/>\nIhr Vertrauen ist uns wichtig. Daher m\u00f6chten wir Ihnen jederzeit Rede und Antwort bez\u00fcglich der Verarbeitung Ihrer personenbezogenen Daten stehen. Wenn Sie Fragen haben, die Ihnen diese Datenschutzerkl\u00e4rung nicht beantworten konnte oder wenn Sie zu einem Punkt vertiefte Informationen w\u00fcnschen, wenden Sie sich bitte jederzeit an uns<\/p>\n<p><b>Aktualit\u00e4t und \u00c4nderung dieser Datenschutzerkl\u00e4rung<\/b><\/p>\n<p>Diese Datenschutzerkl\u00e4rung ist aktuell g\u00fcltig und hat den Stand Mai 2018.<\/p>\n<\/div>\n<p><strong>\u00a0<\/strong><\/p>\n","protected":false},"excerpt":{"rendered":"<p>Verantwortlich f\u00fcr den Inhalt: die Chorgemeinschaft Freckenhorst\u00a0, vertreten durch Name: Sabine Laumann, 1. Vorsitzende Adresse: Kampstra\u00dfe 20, 48231 Warendorf E-Mail Adresse: vorsitzende@chorgemeinschaft-freckenhorst.de Kontodaten: Sparkasse M\u00fcnsterland Ost IBAN: DE87 4005 0150 0003 0311 01 BIC: WELADED1MST Verwendung dieser Daten: Die unerlaubte &hellip; <a href=\"https:\/\/chorgemeinschaft-freckenhorst.de\/cms\/impressum\/\">Weiterlesen <span class=\"meta-nav\">&rarr;<\/span><\/a><\/p>\n","protected":false},"author":1,"featured_media":0,"parent":0,"menu_order":0,"comment_status":"closed","ping_status":"closed","template":"","meta":{"footnotes":""},"class_list":["post-6","page","type-page","status-publish","hentry"],"_links":{"self":[{"href":"https:\/\/chorgemeinschaft-freckenhorst.de\/cms\/wp-json\/wp\/v2\/pages\/6","targetHints":{"allow":["GET"]}}],"collection":[{"href":"https:\/\/chorgemeinschaft-freckenhorst.de\/cms\/wp-json\/wp\/v2\/pages"}],"about":[{"href":"https:\/\/chorgemeinschaft-freckenhorst.de\/cms\/wp-json\/wp\/v2\/types\/page"}],"author":[{"embeddable":true,"href":"https:\/\/chorgemeinschaft-freckenhorst.de\/cms\/wp-json\/wp\/v2\/users\/1"}],"replies":[{"embeddable":true,"href":"https:\/\/chorgemeinschaft-freckenhorst.de\/cms\/wp-json\/wp\/v2\/comments?post=6"}],"version-history":[{"count":4,"href":"https:\/\/chorgemeinschaft-freckenhorst.de\/cms\/wp-json\/wp\/v2\/pages\/6\/revisions"}],"predecessor-version":[{"id":939,"href":"https:\/\/chorgemeinschaft-freckenhorst.de\/cms\/wp-json\/wp\/v2\/pages\/6\/revisions\/939"}],"wp:attachment":[{"href":"https:\/\/chorgemeinschaft-freckenhorst.de\/cms\/wp-json\/wp\/v2\/media?parent=6"}],"curies":[{"name":"wp","href":"https:\/\/api.w.org\/{rel}","templated":true}]}}